{"id":2351,"date":"2024-02-23T21:30:21","date_gmt":"2024-02-23T20:30:21","guid":{"rendered":"https:\/\/dev.ad-advanced.com\/domusplinii.com\/public_html\/?page_id=2351"},"modified":"2024-03-07T12:19:31","modified_gmt":"2024-03-07T11:19:31","slug":"shopping-experience-lago-di-como","status":"publish","type":"page","link":"https:\/\/dev.ad-advanced.com\/domusplinii.com\/public_html\/it\/shopping-experience-lago-di-como\/","title":{"rendered":"Shopping"},"content":{"rendered":"<div class=\"wpb-content-wrapper\"><p>[vc_row][vc_column][vc_column_text]<\/p>\n<blockquote>\n<h2 style=\"text-align: left;\">L&#8217;eccellenza della moda \u00e8 Made in Italy<\/h2>\n<\/blockquote>\n<p style=\"text-align: left;\">L&#8217;Italia, celebre patria dell&#8217;alta moda, vanta una lunga e significativa tradizione di stilisti che ci onorano in tutto il mondo.<br \/>\nL&#8217;Italian Style \u00e8 parte intrinseca della nostra cultura dove piccole boutique di charme e sartoria, alternate ai nomi di famosi stilisti, danno vita a quell&#8217;immaginario universalmente riconosciuto come Moda Made in Italy.<br \/>\nDedicate un momento del vostro soggiorno a un&#8217;esperienza di shopping esclusivo. La testimonianza del vostro soggiorno sul Lago di Como sar\u00e0 un prodotto di assoluta eccellenza.<\/p>\n<p>[\/vc_column_text][\/vc_column][\/vc_row][vc_row full_width=&#8221;stretch_row_content&#8221; content_placement=&#8221;middle&#8221; css_animation=&#8221;fadeInLeft&#8221; css=&#8221;.vc_custom_1709810364275{padding-top: 100px !important;}&#8221;][vc_column css=&#8221;.vc_custom_1705486572957{padding-top: 0px !important;padding-right: 0px !important;padding-bottom: 0px !important;padding-left: 0px !important;}&#8221;]<section class=\"sohohotel-image-text-wrapper sohohotel-clearfix sohohotel-image-text-wrapper-left-align\"><div class=\"sohohotel-it-image-wrapper lazyload\" style=\"background-image:inherit;\" data-bg-image=\"url(https:\/\/dev.ad-advanced.com\/domusplinii.com\/public_html\/wp-content\/uploads\/2024\/02\/modamilano.jpeg)\"><img decoding=\"async\" data-src=\"https:\/\/dev.ad-advanced.com\/domusplinii.com\/public_html\/wp-content\/uploads\/2024\/02\/modamilano.jpeg\" alt=\"\" src=\"data:image\/svg+xml;base64,PHN2ZyB3aWR0aD0iMSIgaGVpZ2h0PSIxIiB4bWxucz0iaHR0cDovL3d3dy53My5vcmcvMjAwMC9zdmciPjwvc3ZnPg==\" class=\"lazyload\" style=\"--smush-placeholder-width: 1200px; --smush-placeholder-aspect-ratio: 1200\/646;\" \/><\/div><div class=\"sohohotel-it-text-wrapper\" style=\"background: ;\"><h3 class=\"sohohotel-title-28px sohohotel-clearfix sohohotel-title-left\" style=\"color: ;\">Milano e il ''Quadrilatero della Moda''<\/h3><p style=\"color: ;\">Milano, capitale italiana della moda, dedica un intero quartiere alle creazioni di stilisti di fama internazionale. Il cosiddetto Quadrilatero della Moda \u00e8 un concentrato di lusso, boutique esclusive e gioiellerie che hanno reso questo reticolo di strade uno degli angoli della citt\u00e0 pi\u00f9 ambiti e famosi al mondo.<br \/>\nTra le 4 vie principali &#8211; via Montenapoleone, via Manzoni, via della Spiga e Corso Venezia &#8211; \u00e8 racchiuso il paradiso degli amanti dello shopping di tutto il mondo.<br \/>\nIl Quadrilatero, per\u00f2, non \u00e8 solo shopping, \u00e8 un&#8217;occasione esclusiva per vivere Milano e la magica atmosfera creata dal riverbero delle luci delle vetrine, spesso vere e proprie composizioni di stile e design.<\/p><div class=\"gallery\"><div class=\"gallery-item\"><div class=\"gallery-icon\"><a href=\"\" data-gal=\"prettyPhoto[gallery-44]\"><img decoding=\"async\" src=\"\" alt=\"\"><\/a><\/div><\/div><br style=\"clear: both;\"><\/div><\/div><\/section>[\/vc_column][\/vc_row][vc_row full_width=&#8221;stretch_row_content&#8221; content_placement=&#8221;middle&#8221; css_animation=&#8221;fadeInRight&#8221;][vc_column]<section class=\"sohohotel-image-text-wrapper sohohotel-clearfix sohohotel-image-text-wrapper-right-align\"><div class=\"sohohotel-it-image-wrapper lazyload\" style=\"background-image:inherit;\" data-bg-image=\"url(https:\/\/dev.ad-advanced.com\/domusplinii.com\/public_html\/wp-content\/uploads\/2024\/02\/foxtown.webp)\"><img decoding=\"async\" data-src=\"https:\/\/dev.ad-advanced.com\/domusplinii.com\/public_html\/wp-content\/uploads\/2024\/02\/foxtown.webp\" alt=\"\" src=\"data:image\/svg+xml;base64,PHN2ZyB3aWR0aD0iMSIgaGVpZ2h0PSIxIiB4bWxucz0iaHR0cDovL3d3dy53My5vcmcvMjAwMC9zdmciPjwvc3ZnPg==\" class=\"lazyload\" style=\"--smush-placeholder-width: 1500px; --smush-placeholder-aspect-ratio: 1500\/1000;\" \/><\/div><div class=\"sohohotel-it-text-wrapper\" style=\"background: ;\"><h3 class=\"sohohotel-title-28px sohohotel-clearfix sohohotel-title-left\" style=\"color: ;\">Shopping Mall<\/h3><p style=\"color: ;\">Il Fox Town, situato a Mendrisio, in Svizzera, \u00e8 uno dei pi\u00f9 grandi outlet multimarca d&#8217;Europa. Con oltre 160 negozi, \u00e8 il posto giusto per chi vuole godersi una giornata di shopping tra le vetrine delle firme pi\u00f9 famose a prezzi molto interessanti.<br \/>\nIl Centro, inaugurato nel 2016, si trova nei vecchi stabilimenti Alfa Romeo alla periferia di Milano. \u00c8 famoso per essere il pi\u00f9 grande centro commerciale d&#8217;Europa con oltre 200 negozi, 30 ristoranti e vari servizi per i visitatori. Il Centro \u00e8 il luogo perfetto per un&#8217;intensa sessione di shopping tra i pi\u00f9 famosi marchi della moda main stream.<\/p><div class=\"gallery\"><div class=\"gallery-item\"><div class=\"gallery-icon\"><a href=\"\" data-gal=\"prettyPhoto[gallery-53]\"><img decoding=\"async\" src=\"\" alt=\"\"><\/a><\/div><\/div><br style=\"clear: both;\"><\/div><\/div><\/section>[\/vc_column][\/vc_row][vc_row full_width=&#8221;stretch_row_content&#8221; content_placement=&#8221;middle&#8221; css_animation=&#8221;fadeInLeft&#8221;][vc_column]<section class=\"sohohotel-image-text-wrapper sohohotel-clearfix sohohotel-image-text-wrapper-left-align\"><div class=\"sohohotel-it-image-wrapper lazyload\" style=\"background-image:inherit;\" data-bg-image=\"url(https:\/\/dev.ad-advanced.com\/domusplinii.com\/public_html\/wp-content\/uploads\/2024\/02\/bellagio-1.jpg)\"><img decoding=\"async\" data-src=\"https:\/\/dev.ad-advanced.com\/domusplinii.com\/public_html\/wp-content\/uploads\/2024\/02\/bellagio-1.jpg\" alt=\"\" src=\"data:image\/svg+xml;base64,PHN2ZyB3aWR0aD0iMSIgaGVpZ2h0PSIxIiB4bWxucz0iaHR0cDovL3d3dy53My5vcmcvMjAwMC9zdmciPjwvc3ZnPg==\" class=\"lazyload\" style=\"--smush-placeholder-width: 1200px; --smush-placeholder-aspect-ratio: 1200\/675;\" \/><\/div><div class=\"sohohotel-it-text-wrapper\" style=\"background: ;\"><h3 class=\"sohohotel-title-28px sohohotel-clearfix sohohotel-title-left\" style=\"color: ;\">Bellagio and i Piccoli Artigiani<\/h3><p style=\"color: ;\">Faggeto Lario vanta una posizione strategica per la pratica degli sport acquatici sul Lago di Como. Le acque calme del Lago di Como sono il luogo ideale per praticare gli sport acquatici, e il lago offre condizioni perfette per gli sportivi che possono praticare la loro disciplina preferita di fronte alla Domus Plinii. L&#8217;area antistante la nostra propriet\u00e0 offre a tutti l&#8217;opportunit\u00e0 di godere del lago in una posizione unica.<\/p><div class=\"gallery\"><div class=\"gallery-item\"><div class=\"gallery-icon\"><a href=\"\" data-gal=\"prettyPhoto[gallery-21]\"><img decoding=\"async\" src=\"\" alt=\"\"><\/a><\/div><\/div><br style=\"clear: both;\"><\/div><\/div><\/section>[\/vc_column][\/vc_row]<\/p>\n<\/div>","protected":false},"excerpt":{"rendered":"<p>[vc_row][vc_column][vc_column_text] L&#8217;eccellenza della moda \u00e8 Made in Italy L&#8217;Italia, celebre patria dell&#8217;alta moda, vanta una lunga e significativa tradizione di stilisti che ci onorano in tutto il mondo. L&#8217;Italian Style \u00e8 parte intrinseca della nostra cultura dove piccole boutique di charme e sartoria, alternate ai nomi di famosi stilisti, danno vita a quell&#8217;immaginario universalmente riconosciuto<\/p>\n<a href=\"https:\/\/dev.ad-advanced.com\/domusplinii.com\/public_html\/it\/shopping-experience-lago-di-como\/\" class=\"sohohotel-more-link\">Read More<\/a>","protected":false},"author":1,"featured_media":0,"parent":0,"menu_order":0,"comment_status":"closed","ping_status":"closed","template":"","meta":{"footnotes":""},"class_list":["post-2351","page","type-page","status-publish","hentry"],"yoast_head":"<!-- This site is optimized with the Yoast SEO plugin v22.4 - https:\/\/yoast.com\/wordpress\/plugins\/seo\/ -->\n<title>Shopping - Domus Plinii<\/title>\n<meta name=\"robots\" content=\"noindex, follow, max-snippet:-1, max-image-preview:large, max-video-preview:-1\" \/>\n<meta property=\"og:locale\" content=\"it_IT\" \/>\n<meta property=\"og:type\" content=\"article\" \/>\n<meta property=\"og:title\" content=\"Shopping - Domus Plinii\" \/>\n<meta property=\"og:description\" content=\"[vc_row][vc_column][vc_column_text] L&#8217;eccellenza della moda \u00e8 Made in Italy L&#8217;Italia, celebre patria dell&#8217;alta moda, vanta una lunga e significativa tradizione di stilisti che ci onorano in tutto il mondo. L&#8217;Italian Style \u00e8 parte intrinseca della nostra cultura dove piccole boutique di charme e sartoria, alternate ai nomi di famosi stilisti, danno vita a quell&#8217;immaginario universalmente riconosciuto\" \/>\n<meta property=\"og:url\" content=\"https:\/\/dev.ad-advanced.com\/domusplinii.com\/public_html\/it\/shopping-experience-lago-di-como\/\" \/>\n<meta property=\"og:site_name\" content=\"Domus Plinii\" \/>\n<meta property=\"article:modified_time\" content=\"2024-03-07T11:19:31+00:00\" \/>\n<meta name=\"twitter:card\" content=\"summary_large_image\" \/>\n<meta name=\"twitter:label1\" content=\"Tempo di lettura stimato\" \/>\n\t<meta name=\"twitter:data1\" content=\"3 minuti\" \/>\n<script type=\"application\/ld+json\" class=\"yoast-schema-graph\">{\"@context\":\"https:\/\/schema.org\",\"@graph\":[{\"@type\":\"WebPage\",\"@id\":\"https:\/\/dev.ad-advanced.com\/domusplinii.com\/public_html\/it\/shopping-experience-lago-di-como\/\",\"url\":\"https:\/\/dev.ad-advanced.com\/domusplinii.com\/public_html\/it\/shopping-experience-lago-di-como\/\",\"name\":\"Shopping - Domus Plinii\",\"isPartOf\":{\"@id\":\"https:\/\/dev.ad-advanced.com\/domusplinii.com\/public_html\/#website\"},\"datePublished\":\"2024-02-23T20:30:21+00:00\",\"dateModified\":\"2024-03-07T11:19:31+00:00\",\"breadcrumb\":{\"@id\":\"https:\/\/dev.ad-advanced.com\/domusplinii.com\/public_html\/it\/shopping-experience-lago-di-como\/#breadcrumb\"},\"inLanguage\":\"it-IT\",\"potentialAction\":[{\"@type\":\"ReadAction\",\"target\":[\"https:\/\/dev.ad-advanced.com\/domusplinii.com\/public_html\/it\/shopping-experience-lago-di-como\/\"]}]},{\"@type\":\"BreadcrumbList\",\"@id\":\"https:\/\/dev.ad-advanced.com\/domusplinii.com\/public_html\/it\/shopping-experience-lago-di-como\/#breadcrumb\",\"itemListElement\":[{\"@type\":\"ListItem\",\"position\":1,\"name\":\"Home\",\"item\":\"https:\/\/dev.ad-advanced.com\/domusplinii.com\/public_html\/en\/\"},{\"@type\":\"ListItem\",\"position\":2,\"name\":\"Shopping\"}]},{\"@type\":\"WebSite\",\"@id\":\"https:\/\/dev.ad-advanced.com\/domusplinii.com\/public_html\/#website\",\"url\":\"https:\/\/dev.ad-advanced.com\/domusplinii.com\/public_html\/\",\"name\":\"Domus Plinii\",\"description\":\"Luxury Boutique Resort And Suites on Lake Como\",\"potentialAction\":[{\"@type\":\"SearchAction\",\"target\":{\"@type\":\"EntryPoint\",\"urlTemplate\":\"https:\/\/dev.ad-advanced.com\/domusplinii.com\/public_html\/?s={search_term_string}\"},\"query-input\":\"required name=search_term_string\"}],\"inLanguage\":\"it-IT\"}]}<\/script>\n<!-- \/ Yoast SEO plugin. -->","yoast_head_json":{"title":"Shopping - Domus Plinii","robots":{"index":"noindex","follow":"follow","max-snippet":"max-snippet:-1","max-image-preview":"max-image-preview:large","max-video-preview":"max-video-preview:-1"},"og_locale":"it_IT","og_type":"article","og_title":"Shopping - Domus Plinii","og_description":"[vc_row][vc_column][vc_column_text] L&#8217;eccellenza della moda \u00e8 Made in Italy L&#8217;Italia, celebre patria dell&#8217;alta moda, vanta una lunga e significativa tradizione di stilisti che ci onorano in tutto il mondo. L&#8217;Italian Style \u00e8 parte intrinseca della nostra cultura dove piccole boutique di charme e sartoria, alternate ai nomi di famosi stilisti, danno vita a quell&#8217;immaginario universalmente riconosciuto","og_url":"https:\/\/dev.ad-advanced.com\/domusplinii.com\/public_html\/it\/shopping-experience-lago-di-como\/","og_site_name":"Domus Plinii","article_modified_time":"2024-03-07T11:19:31+00:00","twitter_card":"summary_large_image","twitter_misc":{"Tempo di lettura stimato":"3 minuti"},"schema":{"@context":"https:\/\/schema.org","@graph":[{"@type":"WebPage","@id":"https:\/\/dev.ad-advanced.com\/domusplinii.com\/public_html\/it\/shopping-experience-lago-di-como\/","url":"https:\/\/dev.ad-advanced.com\/domusplinii.com\/public_html\/it\/shopping-experience-lago-di-como\/","name":"Shopping - Domus Plinii","isPartOf":{"@id":"https:\/\/dev.ad-advanced.com\/domusplinii.com\/public_html\/#website"},"datePublished":"2024-02-23T20:30:21+00:00","dateModified":"2024-03-07T11:19:31+00:00","breadcrumb":{"@id":"https:\/\/dev.ad-advanced.com\/domusplinii.com\/public_html\/it\/shopping-experience-lago-di-como\/#breadcrumb"},"inLanguage":"it-IT","potentialAction":[{"@type":"ReadAction","target":["https:\/\/dev.ad-advanced.com\/domusplinii.com\/public_html\/it\/shopping-experience-lago-di-como\/"]}]},{"@type":"BreadcrumbList","@id":"https:\/\/dev.ad-advanced.com\/domusplinii.com\/public_html\/it\/shopping-experience-lago-di-como\/#breadcrumb","itemListElement":[{"@type":"ListItem","position":1,"name":"Home","item":"https:\/\/dev.ad-advanced.com\/domusplinii.com\/public_html\/en\/"},{"@type":"ListItem","position":2,"name":"Shopping"}]},{"@type":"WebSite","@id":"https:\/\/dev.ad-advanced.com\/domusplinii.com\/public_html\/#website","url":"https:\/\/dev.ad-advanced.com\/domusplinii.com\/public_html\/","name":"Domus Plinii","description":"Luxury Boutique Resort And Suites on Lake Como","potentialAction":[{"@type":"SearchAction","target":{"@type":"EntryPoint","urlTemplate":"https:\/\/dev.ad-advanced.com\/domusplinii.com\/public_html\/?s={search_term_string}"},"query-input":"required name=search_term_string"}],"inLanguage":"it-IT"}]}},"_links":{"self":[{"href":"https:\/\/dev.ad-advanced.com\/domusplinii.com\/public_html\/wp-json\/wp\/v2\/pages\/2351","targetHints":{"allow":["GET"]}}],"collection":[{"href":"https:\/\/dev.ad-advanced.com\/domusplinii.com\/public_html\/wp-json\/wp\/v2\/pages"}],"about":[{"href":"https:\/\/dev.ad-advanced.com\/domusplinii.com\/public_html\/wp-json\/wp\/v2\/types\/page"}],"author":[{"embeddable":true,"href":"https:\/\/dev.ad-advanced.com\/domusplinii.com\/public_html\/wp-json\/wp\/v2\/users\/1"}],"replies":[{"embeddable":true,"href":"https:\/\/dev.ad-advanced.com\/domusplinii.com\/public_html\/wp-json\/wp\/v2\/comments?post=2351"}],"version-history":[{"count":5,"href":"https:\/\/dev.ad-advanced.com\/domusplinii.com\/public_html\/wp-json\/wp\/v2\/pages\/2351\/revisions"}],"predecessor-version":[{"id":2855,"href":"https:\/\/dev.ad-advanced.com\/domusplinii.com\/public_html\/wp-json\/wp\/v2\/pages\/2351\/revisions\/2855"}],"wp:attachment":[{"href":"https:\/\/dev.ad-advanced.com\/domusplinii.com\/public_html\/wp-json\/wp\/v2\/media?parent=2351"}],"curies":[{"name":"wp","href":"https:\/\/api.w.org\/{rel}","templated":true}]}}