{"id":2332,"date":"2024-02-23T20:59:22","date_gmt":"2024-02-23T19:59:22","guid":{"rendered":"https:\/\/dev.ad-advanced.com\/domusplinii.com\/public_html\/?page_id=2332"},"modified":"2024-03-08T10:00:54","modified_gmt":"2024-03-08T09:00:54","slug":"piscina-vista-lago-di-como","status":"publish","type":"page","link":"https:\/\/dev.ad-advanced.com\/domusplinii.com\/public_html\/it\/piscina-vista-lago-di-como\/","title":{"rendered":"Piscina"},"content":{"rendered":"<div class=\"wpb-content-wrapper\"><p>[vc_row content_placement=&#8221;top&#8221; css_animation=&#8221;fadeInLeft&#8221; css=&#8221;.vc_custom_1708083941580{padding-top: 100px !important;padding-right: 0px !important;padding-left: 0px !important;}&#8221;][vc_column]<section class=\"sohohotel-image-text-wrapper sohohotel-clearfix sohohotel-image-text-wrapper-left-align\"><div class=\"sohohotel-it-image-wrapper lazyload\" style=\"background-image:inherit;\" data-bg-image=\"url(https:\/\/dev.ad-advanced.com\/domusplinii.com\/public_html\/wp-content\/uploads\/2024\/02\/Domus-Plinii68-1920x1100.jpg)\"><img decoding=\"async\" data-src=\"https:\/\/dev.ad-advanced.com\/domusplinii.com\/public_html\/wp-content\/uploads\/2024\/02\/Domus-Plinii68-1920x1100.jpg\" alt=\"\" src=\"data:image\/svg+xml;base64,PHN2ZyB3aWR0aD0iMSIgaGVpZ2h0PSIxIiB4bWxucz0iaHR0cDovL3d3dy53My5vcmcvMjAwMC9zdmciPjwvc3ZnPg==\" class=\"lazyload\" style=\"--smush-placeholder-width: 1920px; --smush-placeholder-aspect-ratio: 1920\/1100;\" \/><\/div><div class=\"sohohotel-it-text-wrapper\" style=\"background: ;\"><h3 class=\"sohohotel-title-28px sohohotel-clearfix sohohotel-title-left\" style=\"color: ;\">Momenti Di Relax In Piscina<\/h3><p style=\"color: ;\">Circondata dal verde del parco Domus Plinii, la piscina a sfioro gode di una splendida vista sul lago e, durante i mesi estivi, beneficia dell&#8217;esposizione al sole fino al tramonto.<\/p>\n<p>\u00c8 attrezzata con sdraio, chaise longue e gli alberi secolari del parco fanno da cornice a questa oasi di pace e relax.<\/p><div class=\"gallery\"><div class=\"gallery-item\"><div class=\"gallery-icon\"><a href=\"\" data-gal=\"prettyPhoto[gallery-22]\"><img decoding=\"async\" src=\"\" alt=\"\"><\/a><\/div><\/div><br style=\"clear: both;\"><\/div><\/div><\/section>[\/vc_column][\/vc_row][vc_row css_animation=&#8221;fadeInUp&#8221; css=&#8221;.vc_custom_1708091298146{padding-top: 100px !important;padding-right: 0px !important;padding-left: 0px !important;}&#8221;][vc_column width=&#8221;1\/3&#8243;][vc_single_image image=&#8221;1875&#8243; img_size=&#8221;800&#215;800&#8243; alignment=&#8221;center&#8221;][\/vc_column][vc_column width=&#8221;1\/3&#8243;][vc_single_image image=&#8221;1874&#8243; img_size=&#8221;800&#215;800&#8243;][\/vc_column][vc_column width=&#8221;1\/3&#8243;][vc_single_image image=&#8221;1881&#8243; img_size=&#8221;800&#215;800&#8243; alignment=&#8221;center&#8221;][\/vc_column][\/vc_row][vc_row content_placement=&#8221;top&#8221; css_animation=&#8221;fadeInRight&#8221; css=&#8221;.vc_custom_1708091579686{padding-top: 100px !important;padding-right: 0px !important;padding-bottom: 100px !important;padding-left: 0px !important;}&#8221;][vc_column]<section class=\"sohohotel-image-text-wrapper sohohotel-clearfix sohohotel-image-text-wrapper-right-align\"><div class=\"sohohotel-it-image-wrapper lazyload\" style=\"background-image:inherit;\" data-bg-image=\"url(https:\/\/dev.ad-advanced.com\/domusplinii.com\/public_html\/wp-content\/uploads\/2024\/02\/Domus-Plinii92-1920x1100.jpg)\"><img decoding=\"async\" data-src=\"https:\/\/dev.ad-advanced.com\/domusplinii.com\/public_html\/wp-content\/uploads\/2024\/02\/Domus-Plinii92-1920x1100.jpg\" alt=\"\" src=\"data:image\/svg+xml;base64,PHN2ZyB3aWR0aD0iMSIgaGVpZ2h0PSIxIiB4bWxucz0iaHR0cDovL3d3dy53My5vcmcvMjAwMC9zdmciPjwvc3ZnPg==\" class=\"lazyload\" style=\"--smush-placeholder-width: 1920px; --smush-placeholder-aspect-ratio: 1920\/1100;\" \/><\/div><div class=\"sohohotel-it-text-wrapper\" style=\"background: ;\"><h3 class=\"sohohotel-title-28px sohohotel-clearfix sohohotel-title-left\" style=\"color: ;\">Servizi E Struttura<\/h3><p style=\"color: ;\">L&#8217;area del parco che circonda la piscina \u00e8 attrezzata con sdraio e chaise longue. La posizione, leggermente rialzata rispetto alle rive del lago, \u00e8 ideale per godersi momenti di puro relax. Immersi nel verde del parco si pu\u00f2 godere di una vista mozzafiato sul Lago di Como.<\/p><div class=\"gallery\"><div class=\"gallery-item\"><div class=\"gallery-icon\"><a href=\"\" data-gal=\"prettyPhoto[gallery-15]\"><img decoding=\"async\" src=\"\" alt=\"\"><\/a><\/div><\/div><br style=\"clear: both;\"><\/div><\/div><\/section>[\/vc_column][\/vc_row][vc_row css_animation=&#8221;fadeInUp&#8221; css=&#8221;.vc_custom_1708081359555{padding-top: 200px !important;padding-right: 0px !important;padding-bottom: 100px !important;padding-left: 0px !important;}&#8221;][vc_column width=&#8221;1\/2&#8243;][vc_hoverbox image=&#8221;2448&#8243; primary_title=&#8221;&#8221; hover_title=&#8221;Spiaggia Privata&#8221; shape=&#8221;square&#8221; hover_background_color=&#8221;custom&#8221; hover_btn_title=&#8221;SCOPRI DI PI\u00d9&#8221; hover_btn_style=&#8221;outline-custom&#8221; hover_btn_outline_custom_color=&#8221;#071c05&#8243; hover_btn_outline_custom_hover_background=&#8221;#071c05&#8243; hover_btn_outline_custom_hover_text=&#8221;#ffffff&#8221; hover_btn_shape=&#8221;square&#8221; hover_btn_size=&#8221;sm&#8221; hover_btn_align=&#8221;center&#8221; hover_add_button=&#8221;true&#8221; hover_btn_link=&#8221;url:https%3A%2F%2Fdev.ad-advanced.com%2Fdomusplinii.com%2Fpublic_html%2Fit%2Fspiaggia-privata%2F|title:Spiaggia%20Privata&#8221;]<\/p>\n<p style=\"text-align: left;\">Gli ospiti del Domus Plinii possono usufruire di una spiaggia privata con lettini di alta qualit\u00e0. \u00c8 inoltre disponibile un help desk per la prenotazione di sport acquatici e tour in barca sul Lago di Como.<\/p>\n<p>[\/vc_hoverbox][\/vc_column][vc_column width=&#8221;1\/2&#8243;][vc_hoverbox image=&#8221;2426&#8243; primary_title=&#8221;&#8221; hover_title=&#8221;Servizi Suite&#8221; shape=&#8221;square&#8221; hover_background_color=&#8221;custom&#8221; hover_btn_title=&#8221;SCOPRI DI PI\u00d9&#8221; hover_btn_style=&#8221;outline-custom&#8221; hover_btn_outline_custom_color=&#8221;#071c05&#8243; hover_btn_outline_custom_hover_background=&#8221;#071c05&#8243; hover_btn_outline_custom_hover_text=&#8221;#ffffff&#8221; hover_btn_shape=&#8221;square&#8221; hover_btn_size=&#8221;sm&#8221; hover_btn_align=&#8221;center&#8221; hover_add_button=&#8221;true&#8221; hover_custom_background=&#8221;#ffffff&#8221; hover_btn_link=&#8221;url:https%3A%2F%2Fdev.ad-advanced.com%2Fdomusplinii.com%2Fpublic_html%2Fit%2Fservizi-suite%2F|title:Servizi%20Suite&#8221;]<\/p>\n<p style=\"text-align: left;\">Soggiornate alla Domus Plinii per vivere esperienze indimenticabili e un&#8217;ospitalit\u00e0 personalizzata e raffinata. Il nostro team si prender\u00e0 cura delle vostre esigenze, facendovi sentire come a casa vostra.<\/p>\n<p>[\/vc_hoverbox][\/vc_column][\/vc_row]<\/p>\n<\/div>","protected":false},"excerpt":{"rendered":"<p>[vc_row content_placement=&#8221;top&#8221; css_animation=&#8221;fadeInLeft&#8221; css=&#8221;.vc_custom_1708083941580{padding-top: 100px !important;padding-right: 0px !important;padding-left: 0px !important;}&#8221;][vc_column][\/vc_column][\/vc_row][vc_row css_animation=&#8221;fadeInUp&#8221; css=&#8221;.vc_custom_1708091298146{padding-top: 100px !important;padding-right: 0px !important;padding-left: 0px !important;}&#8221;][vc_column width=&#8221;1\/3&#8243;][vc_single_image image=&#8221;1875&#8243; img_size=&#8221;800&#215;800&#8243; alignment=&#8221;center&#8221;][\/vc_column][vc_column width=&#8221;1\/3&#8243;][vc_single_image image=&#8221;1874&#8243; img_size=&#8221;800&#215;800&#8243;][\/vc_column][vc_column width=&#8221;1\/3&#8243;][vc_single_image image=&#8221;1881&#8243; img_size=&#8221;800&#215;800&#8243; alignment=&#8221;center&#8221;][\/vc_column][\/vc_row][vc_row content_placement=&#8221;top&#8221; css_animation=&#8221;fadeInRight&#8221; css=&#8221;.vc_custom_1708091579686{padding-top: 100px !important;padding-right: 0px !important;padding-bottom: 100px !important;padding-left: 0px !important;}&#8221;][vc_column][\/vc_column][\/vc_row][vc_row css_animation=&#8221;fadeInUp&#8221; css=&#8221;.vc_custom_1708081359555{padding-top: 200px !important;padding-right: 0px !important;padding-bottom: 100px !important;padding-left: 0px !important;}&#8221;][vc_column width=&#8221;1\/2&#8243;][vc_hoverbox image=&#8221;2448&#8243; primary_title=&#8221;&#8221; hover_title=&#8221;Spiaggia Privata&#8221;<\/p>\n<a href=\"https:\/\/dev.ad-advanced.com\/domusplinii.com\/public_html\/it\/piscina-vista-lago-di-como\/\" class=\"sohohotel-more-link\">Read More<\/a>","protected":false},"author":1,"featured_media":0,"parent":0,"menu_order":0,"comment_status":"closed","ping_status":"closed","template":"","meta":{"footnotes":""},"class_list":["post-2332","page","type-page","status-publish","hentry"],"yoast_head":"<!-- This site is optimized with the Yoast SEO plugin v22.4 - https:\/\/yoast.com\/wordpress\/plugins\/seo\/ -->\n<title>Piscina - Domus Plinii<\/title>\n<meta name=\"robots\" content=\"noindex, follow, max-snippet:-1, max-image-preview:large, max-video-preview:-1\" \/>\n<meta property=\"og:locale\" content=\"it_IT\" \/>\n<meta property=\"og:type\" content=\"article\" \/>\n<meta property=\"og:title\" content=\"Piscina - Domus Plinii\" \/>\n<meta property=\"og:description\" content=\"[vc_row content_placement=&#8221;top&#8221; css_animation=&#8221;fadeInLeft&#8221; css=&#8221;.vc_custom_1708083941580{padding-top: 100px !important;padding-right: 0px !important;padding-left: 0px !important;}&#8221;][vc_column][\/vc_column][\/vc_row][vc_row css_animation=&#8221;fadeInUp&#8221; css=&#8221;.vc_custom_1708091298146{padding-top: 100px !important;padding-right: 0px !important;padding-left: 0px !important;}&#8221;][vc_column width=&#8221;1\/3&#8243;][vc_single_image image=&#8221;1875&#8243; img_size=&#8221;800&#215;800&#8243; alignment=&#8221;center&#8221;][\/vc_column][vc_column width=&#8221;1\/3&#8243;][vc_single_image image=&#8221;1874&#8243; img_size=&#8221;800&#215;800&#8243;][\/vc_column][vc_column width=&#8221;1\/3&#8243;][vc_single_image image=&#8221;1881&#8243; img_size=&#8221;800&#215;800&#8243; alignment=&#8221;center&#8221;][\/vc_column][\/vc_row][vc_row content_placement=&#8221;top&#8221; css_animation=&#8221;fadeInRight&#8221; css=&#8221;.vc_custom_1708091579686{padding-top: 100px !important;padding-right: 0px !important;padding-bottom: 100px !important;padding-left: 0px !important;}&#8221;][vc_column][\/vc_column][\/vc_row][vc_row css_animation=&#8221;fadeInUp&#8221; css=&#8221;.vc_custom_1708081359555{padding-top: 200px !important;padding-right: 0px !important;padding-bottom: 100px !important;padding-left: 0px !important;}&#8221;][vc_column width=&#8221;1\/2&#8243;][vc_hoverbox image=&#8221;2448&#8243; primary_title=&#8221;&#8221; hover_title=&#8221;Spiaggia Privata&#8221;\" \/>\n<meta property=\"og:url\" content=\"https:\/\/dev.ad-advanced.com\/domusplinii.com\/public_html\/it\/piscina-vista-lago-di-como\/\" \/>\n<meta property=\"og:site_name\" content=\"Domus Plinii\" \/>\n<meta property=\"article:modified_time\" content=\"2024-03-08T09:00:54+00:00\" \/>\n<meta name=\"twitter:card\" content=\"summary_large_image\" \/>\n<meta name=\"twitter:label1\" content=\"Tempo di lettura stimato\" \/>\n\t<meta name=\"twitter:data1\" content=\"2 minuti\" \/>\n<script type=\"application\/ld+json\" class=\"yoast-schema-graph\">{\"@context\":\"https:\/\/schema.org\",\"@graph\":[{\"@type\":\"WebPage\",\"@id\":\"https:\/\/dev.ad-advanced.com\/domusplinii.com\/public_html\/it\/piscina-vista-lago-di-como\/\",\"url\":\"https:\/\/dev.ad-advanced.com\/domusplinii.com\/public_html\/it\/piscina-vista-lago-di-como\/\",\"name\":\"Piscina - Domus Plinii\",\"isPartOf\":{\"@id\":\"https:\/\/dev.ad-advanced.com\/domusplinii.com\/public_html\/#website\"},\"datePublished\":\"2024-02-23T19:59:22+00:00\",\"dateModified\":\"2024-03-08T09:00:54+00:00\",\"breadcrumb\":{\"@id\":\"https:\/\/dev.ad-advanced.com\/domusplinii.com\/public_html\/it\/piscina-vista-lago-di-como\/#breadcrumb\"},\"inLanguage\":\"it-IT\",\"potentialAction\":[{\"@type\":\"ReadAction\",\"target\":[\"https:\/\/dev.ad-advanced.com\/domusplinii.com\/public_html\/it\/piscina-vista-lago-di-como\/\"]}]},{\"@type\":\"BreadcrumbList\",\"@id\":\"https:\/\/dev.ad-advanced.com\/domusplinii.com\/public_html\/it\/piscina-vista-lago-di-como\/#breadcrumb\",\"itemListElement\":[{\"@type\":\"ListItem\",\"position\":1,\"name\":\"Home\",\"item\":\"https:\/\/dev.ad-advanced.com\/domusplinii.com\/public_html\/en\/\"},{\"@type\":\"ListItem\",\"position\":2,\"name\":\"Piscina\"}]},{\"@type\":\"WebSite\",\"@id\":\"https:\/\/dev.ad-advanced.com\/domusplinii.com\/public_html\/#website\",\"url\":\"https:\/\/dev.ad-advanced.com\/domusplinii.com\/public_html\/\",\"name\":\"Domus Plinii\",\"description\":\"Luxury Boutique Resort And Suites on Lake Como\",\"potentialAction\":[{\"@type\":\"SearchAction\",\"target\":{\"@type\":\"EntryPoint\",\"urlTemplate\":\"https:\/\/dev.ad-advanced.com\/domusplinii.com\/public_html\/?s={search_term_string}\"},\"query-input\":\"required name=search_term_string\"}],\"inLanguage\":\"it-IT\"}]}<\/script>\n<!-- \/ Yoast SEO plugin. -->","yoast_head_json":{"title":"Piscina - Domus Plinii","robots":{"index":"noindex","follow":"follow","max-snippet":"max-snippet:-1","max-image-preview":"max-image-preview:large","max-video-preview":"max-video-preview:-1"},"og_locale":"it_IT","og_type":"article","og_title":"Piscina - Domus Plinii","og_description":"[vc_row content_placement=&#8221;top&#8221; css_animation=&#8221;fadeInLeft&#8221; css=&#8221;.vc_custom_1708083941580{padding-top: 100px !important;padding-right: 0px !important;padding-left: 0px !important;}&#8221;][vc_column][\/vc_column][\/vc_row][vc_row css_animation=&#8221;fadeInUp&#8221; css=&#8221;.vc_custom_1708091298146{padding-top: 100px !important;padding-right: 0px !important;padding-left: 0px !important;}&#8221;][vc_column width=&#8221;1\/3&#8243;][vc_single_image image=&#8221;1875&#8243; img_size=&#8221;800&#215;800&#8243; alignment=&#8221;center&#8221;][\/vc_column][vc_column width=&#8221;1\/3&#8243;][vc_single_image image=&#8221;1874&#8243; img_size=&#8221;800&#215;800&#8243;][\/vc_column][vc_column width=&#8221;1\/3&#8243;][vc_single_image image=&#8221;1881&#8243; img_size=&#8221;800&#215;800&#8243; alignment=&#8221;center&#8221;][\/vc_column][\/vc_row][vc_row content_placement=&#8221;top&#8221; css_animation=&#8221;fadeInRight&#8221; css=&#8221;.vc_custom_1708091579686{padding-top: 100px !important;padding-right: 0px !important;padding-bottom: 100px !important;padding-left: 0px !important;}&#8221;][vc_column][\/vc_column][\/vc_row][vc_row css_animation=&#8221;fadeInUp&#8221; css=&#8221;.vc_custom_1708081359555{padding-top: 200px !important;padding-right: 0px !important;padding-bottom: 100px !important;padding-left: 0px !important;}&#8221;][vc_column width=&#8221;1\/2&#8243;][vc_hoverbox image=&#8221;2448&#8243; primary_title=&#8221;&#8221; hover_title=&#8221;Spiaggia Privata&#8221;","og_url":"https:\/\/dev.ad-advanced.com\/domusplinii.com\/public_html\/it\/piscina-vista-lago-di-como\/","og_site_name":"Domus Plinii","article_modified_time":"2024-03-08T09:00:54+00:00","twitter_card":"summary_large_image","twitter_misc":{"Tempo di lettura stimato":"2 minuti"},"schema":{"@context":"https:\/\/schema.org","@graph":[{"@type":"WebPage","@id":"https:\/\/dev.ad-advanced.com\/domusplinii.com\/public_html\/it\/piscina-vista-lago-di-como\/","url":"https:\/\/dev.ad-advanced.com\/domusplinii.com\/public_html\/it\/piscina-vista-lago-di-como\/","name":"Piscina - Domus Plinii","isPartOf":{"@id":"https:\/\/dev.ad-advanced.com\/domusplinii.com\/public_html\/#website"},"datePublished":"2024-02-23T19:59:22+00:00","dateModified":"2024-03-08T09:00:54+00:00","breadcrumb":{"@id":"https:\/\/dev.ad-advanced.com\/domusplinii.com\/public_html\/it\/piscina-vista-lago-di-como\/#breadcrumb"},"inLanguage":"it-IT","potentialAction":[{"@type":"ReadAction","target":["https:\/\/dev.ad-advanced.com\/domusplinii.com\/public_html\/it\/piscina-vista-lago-di-como\/"]}]},{"@type":"BreadcrumbList","@id":"https:\/\/dev.ad-advanced.com\/domusplinii.com\/public_html\/it\/piscina-vista-lago-di-como\/#breadcrumb","itemListElement":[{"@type":"ListItem","position":1,"name":"Home","item":"https:\/\/dev.ad-advanced.com\/domusplinii.com\/public_html\/en\/"},{"@type":"ListItem","position":2,"name":"Piscina"}]},{"@type":"WebSite","@id":"https:\/\/dev.ad-advanced.com\/domusplinii.com\/public_html\/#website","url":"https:\/\/dev.ad-advanced.com\/domusplinii.com\/public_html\/","name":"Domus Plinii","description":"Luxury Boutique Resort And Suites on Lake Como","potentialAction":[{"@type":"SearchAction","target":{"@type":"EntryPoint","urlTemplate":"https:\/\/dev.ad-advanced.com\/domusplinii.com\/public_html\/?s={search_term_string}"},"query-input":"required name=search_term_string"}],"inLanguage":"it-IT"}]}},"_links":{"self":[{"href":"https:\/\/dev.ad-advanced.com\/domusplinii.com\/public_html\/wp-json\/wp\/v2\/pages\/2332","targetHints":{"allow":["GET"]}}],"collection":[{"href":"https:\/\/dev.ad-advanced.com\/domusplinii.com\/public_html\/wp-json\/wp\/v2\/pages"}],"about":[{"href":"https:\/\/dev.ad-advanced.com\/domusplinii.com\/public_html\/wp-json\/wp\/v2\/types\/page"}],"author":[{"embeddable":true,"href":"https:\/\/dev.ad-advanced.com\/domusplinii.com\/public_html\/wp-json\/wp\/v2\/users\/1"}],"replies":[{"embeddable":true,"href":"https:\/\/dev.ad-advanced.com\/domusplinii.com\/public_html\/wp-json\/wp\/v2\/comments?post=2332"}],"version-history":[{"count":7,"href":"https:\/\/dev.ad-advanced.com\/domusplinii.com\/public_html\/wp-json\/wp\/v2\/pages\/2332\/revisions"}],"predecessor-version":[{"id":2899,"href":"https:\/\/dev.ad-advanced.com\/domusplinii.com\/public_html\/wp-json\/wp\/v2\/pages\/2332\/revisions\/2899"}],"wp:attachment":[{"href":"https:\/\/dev.ad-advanced.com\/domusplinii.com\/public_html\/wp-json\/wp\/v2\/media?parent=2332"}],"curies":[{"name":"wp","href":"https:\/\/api.w.org\/{rel}","templated":true}]}}