{"id":2206,"date":"2024-02-23T16:50:13","date_gmt":"2024-02-23T15:50:13","guid":{"rendered":"https:\/\/dev.ad-advanced.com\/domusplinii.com\/public_html\/?page_id=2206"},"modified":"2024-03-07T09:46:01","modified_gmt":"2024-03-07T08:46:01","slug":"chi-siamo","status":"publish","type":"page","link":"https:\/\/dev.ad-advanced.com\/domusplinii.com\/public_html\/it\/chi-siamo\/","title":{"rendered":"Chi Siamo"},"content":{"rendered":"<div class=\"wpb-content-wrapper\"><p>[vc_row content_placement=&#8221;top&#8221; css_animation=&#8221;fadeInRight&#8221; css=&#8221;.vc_custom_1708343533538{padding-right: 0px !important;padding-left: 0px !important;}&#8221;][vc_column]<section class=\"sohohotel-image-text-wrapper sohohotel-clearfix sohohotel-image-text-wrapper-right-align\"><div class=\"sohohotel-it-image-wrapper lazyload\" style=\"background-image:inherit;\" data-bg-image=\"url(https:\/\/dev.ad-advanced.com\/domusplinii.com\/public_html\/wp-content\/uploads\/2024\/01\/ingressodomus-1920x1100.png)\"><img decoding=\"async\" data-src=\"https:\/\/dev.ad-advanced.com\/domusplinii.com\/public_html\/wp-content\/uploads\/2024\/01\/ingressodomus-1920x1100.png\" alt=\"\" src=\"data:image\/svg+xml;base64,PHN2ZyB3aWR0aD0iMSIgaGVpZ2h0PSIxIiB4bWxucz0iaHR0cDovL3d3dy53My5vcmcvMjAwMC9zdmciPjwvc3ZnPg==\" class=\"lazyload\" style=\"--smush-placeholder-width: 1920px; --smush-placeholder-aspect-ratio: 1920\/1100;\" \/><\/div><div class=\"sohohotel-it-text-wrapper\" style=\"background: ;\"><h3 class=\"sohohotel-title-28px sohohotel-clearfix sohohotel-title-left\" style=\"color: ;\">Domus Plinii - dal 1792<\/h3><p style=\"color: ;\">La costruzione dell&#8217;edificio che dal 2017 ospita Domus Plinii risale al lontano 1792. Il nucleo originario comprendeva un corpo principale denominato Albergo Plinio ed un corpo accessorio per il ricovero delle carrozze, circondato su tre lati da un giardino formale all&#8217;italiana.<\/p><div class=\"gallery\"><div class=\"gallery-item\"><div class=\"gallery-icon\"><a href=\"\" data-gal=\"prettyPhoto[gallery-58]\"><img decoding=\"async\" src=\"\" alt=\"\"><\/a><\/div><\/div><br style=\"clear: both;\"><\/div><\/div><\/section>[\/vc_column][\/vc_row][vc_row content_placement=&#8221;top&#8221; css_animation=&#8221;fadeInLeft&#8221; css=&#8221;.vc_custom_1708343551889{padding-right: 0px !important;padding-left: 0px !important;}&#8221;][vc_column]<section class=\"sohohotel-image-text-wrapper sohohotel-clearfix sohohotel-image-text-wrapper-left-align\"><div class=\"sohohotel-it-image-wrapper lazyload\" style=\"background-image:inherit;\" data-bg-image=\"url(https:\/\/dev.ad-advanced.com\/domusplinii.com\/public_html\/wp-content\/uploads\/2024\/02\/Domus-Plinii138-1920x1100.jpg)\"><img decoding=\"async\" data-src=\"https:\/\/dev.ad-advanced.com\/domusplinii.com\/public_html\/wp-content\/uploads\/2024\/02\/Domus-Plinii138-1920x1100.jpg\" alt=\"\" src=\"data:image\/svg+xml;base64,PHN2ZyB3aWR0aD0iMSIgaGVpZ2h0PSIxIiB4bWxucz0iaHR0cDovL3d3dy53My5vcmcvMjAwMC9zdmciPjwvc3ZnPg==\" class=\"lazyload\" style=\"--smush-placeholder-width: 1920px; --smush-placeholder-aspect-ratio: 1920\/1100;\" \/><\/div><div class=\"sohohotel-it-text-wrapper\" style=\"background: ;\"><h3 class=\"sohohotel-title-28px sohohotel-clearfix sohohotel-title-left\" style=\"color: ;\">L'Architettura<\/h3><p style=\"color: ;\">A met\u00e0 degli anni &#8217;80 il complesso \u00e8 stato ristrutturato dal prestigioso Architetto milanese Caccia Dominioni, incaricato dalla propriet\u00e0 per la direzione dei lavori di trasformazione da albergo a complesso residenziale. L\u2019opera di risanamento della struttura ha visto il recupero della storica facciata fronte lago con il mantenimento degli ornamenti in pietra dei balconi e del portale di ingresso del 1792.<br \/>\nAll&#8217;inizio del 2018 le 12 Suite sono state completamente reinventate da un Team di Architetti milanesi, tra i quali anche l\u2019ex vice direttrice di Vogue Italia.<\/p><div class=\"gallery\"><div class=\"gallery-item\"><div class=\"gallery-icon\"><a href=\"\" data-gal=\"prettyPhoto[gallery-23]\"><img decoding=\"async\" src=\"\" alt=\"\"><\/a><\/div><\/div><br style=\"clear: both;\"><\/div><\/div><\/section>[\/vc_column][\/vc_row][vc_row css=&#8221;.vc_custom_1708095804247{padding-top: 100px !important;padding-right: 0px !important;padding-left: 0px !important;}&#8221;][vc_column width=&#8221;1\/3&#8243;][vc_single_image image=&#8221;1896&#8243; img_size=&#8221;800&#215;800&#8243; alignment=&#8221;center&#8221;][\/vc_column][vc_column width=&#8221;1\/3&#8243;][vc_single_image image=&#8221;1895&#8243; img_size=&#8221;800&#215;800&#8243;][\/vc_column][vc_column width=&#8221;1\/3&#8243;][vc_single_image image=&#8221;1263&#8243; img_size=&#8221;800&#215;800&#8243; alignment=&#8221;center&#8221;][\/vc_column][\/vc_row][vc_row content_placement=&#8221;top&#8221; css_animation=&#8221;fadeInRight&#8221; css=&#8221;.vc_custom_1708095546070{padding-top: 100px !important;padding-right: 0px !important;padding-left: 0px !important;}&#8221;][vc_column]<section class=\"sohohotel-image-text-wrapper sohohotel-clearfix sohohotel-image-text-wrapper-right-align\"><div class=\"sohohotel-it-image-wrapper lazyload\" style=\"background-image:inherit;\" data-bg-image=\"url(https:\/\/dev.ad-advanced.com\/domusplinii.com\/public_html\/wp-content\/uploads\/2024\/02\/Domus-Plinii225-1920x1100.jpg)\"><img decoding=\"async\" data-src=\"https:\/\/dev.ad-advanced.com\/domusplinii.com\/public_html\/wp-content\/uploads\/2024\/02\/Domus-Plinii225-1920x1100.jpg\" alt=\"\" src=\"data:image\/svg+xml;base64,PHN2ZyB3aWR0aD0iMSIgaGVpZ2h0PSIxIiB4bWxucz0iaHR0cDovL3d3dy53My5vcmcvMjAwMC9zdmciPjwvc3ZnPg==\" class=\"lazyload\" style=\"--smush-placeholder-width: 1920px; --smush-placeholder-aspect-ratio: 1920\/1100;\" \/><\/div><div class=\"sohohotel-it-text-wrapper\" style=\"background: ;\"><h3 class=\"sohohotel-title-28px sohohotel-clearfix sohohotel-title-left\" style=\"color: ;\">Oggi<\/h3><p style=\"color: ;\">Ora Domus Plinii ospita 11 Suite, un Lounge bar, una piscina e un parco privato di oltre 1.000 mq che custodisce 14 posti auto. Alberi secolari e siepi circondano, coi loro particolari geometrici, i romantici vialetti pedonali in pietra.<\/p><div class=\"gallery\"><div class=\"gallery-item\"><div class=\"gallery-icon\"><a href=\"\" data-gal=\"prettyPhoto[gallery-71]\"><img decoding=\"async\" src=\"\" alt=\"\"><\/a><\/div><\/div><br style=\"clear: both;\"><\/div><\/div><\/section>[\/vc_column][\/vc_row][vc_row content_placement=&#8221;top&#8221; css=&#8221;.vc_custom_1708095266258{padding-top: 150px !important;padding-right: 0px !important;}&#8221;][vc_column width=&#8221;2\/3&#8243;][vc_single_image image=&#8221;1884&#8243; img_size=&#8221;1080&#215;790&#8243; alignment=&#8221;center&#8221;][\/vc_column][vc_column width=&#8221;1\/3&#8243;][vc_single_image image=&#8221;974&#8243; img_size=&#8221;800&#215;1220&#8243;][\/vc_column][\/vc_row][vc_row content_placement=&#8221;top&#8221; css_animation=&#8221;fadeInLeft&#8221; css=&#8221;.vc_custom_1708355737588{padding-top: 100px !important;padding-right: 0px !important;padding-left: 0px !important;}&#8221;][vc_column]<section class=\"sohohotel-image-text-wrapper sohohotel-clearfix sohohotel-image-text-wrapper-left-align\"><div class=\"sohohotel-it-image-wrapper lazyload\" style=\"background-image:inherit;\" data-bg-image=\"url(https:\/\/dev.ad-advanced.com\/domusplinii.com\/public_html\/wp-content\/uploads\/2024\/01\/Domus-Plinii176-1920x1100.jpg)\"><img decoding=\"async\" data-src=\"https:\/\/dev.ad-advanced.com\/domusplinii.com\/public_html\/wp-content\/uploads\/2024\/01\/Domus-Plinii176-1920x1100.jpg\" alt=\"\" src=\"data:image\/svg+xml;base64,PHN2ZyB3aWR0aD0iMSIgaGVpZ2h0PSIxIiB4bWxucz0iaHR0cDovL3d3dy53My5vcmcvMjAwMC9zdmciPjwvc3ZnPg==\" class=\"lazyload\" style=\"--smush-placeholder-width: 1920px; --smush-placeholder-aspect-ratio: 1920\/1100;\" \/><\/div><div class=\"sohohotel-it-text-wrapper\" style=\"background: ;\"><h3 class=\"sohohotel-title-28px sohohotel-clearfix sohohotel-title-left\" style=\"color: ;\">La Nostra Filosofia<\/h3><p style=\"color: ;\">Prima ancora di essere un Boutique Resort, Domus Plinii \u00e8 uno State of Mind.<br \/>\nUn luogo di incanto e charme, affacciato direttamente sulle acque del lago di Como, capace di affascinarvi con atmosfere ricercate, di stupirvi con forme e colori, e al tempo stesso di farvi sentire coccolati come a casa.<\/p>\n<p>Questa \u00e8 l&#8217;esperienza che vogliamo farvi vivere.<br \/>\nFamiliarit\u00e0, servizio e discrezione sono i nostri obiettivi per rendere ogni soggiorno unico, esclusivo e indimenticabile.<\/p><div class=\"gallery\"><div class=\"gallery-item\"><div class=\"gallery-icon\"><a href=\"\" data-gal=\"prettyPhoto[gallery-93]\"><img decoding=\"async\" src=\"\" alt=\"\"><\/a><\/div><\/div><br style=\"clear: both;\"><\/div><\/div><\/section>[\/vc_column][\/vc_row][vc_row css=&#8221;.vc_custom_1708096987806{padding-top: 100px !important;padding-right: 0px !important;padding-left: 0px !important;}&#8221;][vc_column width=&#8221;1\/3&#8243;][vc_single_image image=&#8221;1900&#8243; img_size=&#8221;800&#215;800&#8243; alignment=&#8221;center&#8221;][\/vc_column][vc_column width=&#8221;1\/3&#8243;][vc_single_image image=&#8221;1897&#8243; img_size=&#8221;800&#215;800&#8243; alignment=&#8221;center&#8221;][\/vc_column][vc_column width=&#8221;1\/3&#8243;][vc_single_image image=&#8221;976&#8243; img_size=&#8221;800&#215;800&#8243;][\/vc_column][\/vc_row][vc_row css=&#8221;.vc_custom_1708355706138{padding-top: 100px !important;padding-bottom: 100px !important;}&#8221;][vc_column]<section class=\"sohohotel-image-text-wrapper sohohotel-clearfix sohohotel-image-text-wrapper-right-align\"><div class=\"sohohotel-it-image-wrapper lazyload\" style=\"background-image:inherit;\" data-bg-image=\"url(https:\/\/dev.ad-advanced.com\/domusplinii.com\/public_html\/wp-content\/uploads\/2024\/02\/Progetto-senza-titolo-2.png)\"><img decoding=\"async\" data-src=\"https:\/\/dev.ad-advanced.com\/domusplinii.com\/public_html\/wp-content\/uploads\/2024\/02\/Progetto-senza-titolo-2.png\" alt=\"\" src=\"data:image\/svg+xml;base64,PHN2ZyB3aWR0aD0iMSIgaGVpZ2h0PSIxIiB4bWxucz0iaHR0cDovL3d3dy53My5vcmcvMjAwMC9zdmciPjwvc3ZnPg==\" class=\"lazyload\" style=\"--smush-placeholder-width: 800px; --smush-placeholder-aspect-ratio: 800\/800;\" \/><\/div><div class=\"sohohotel-it-text-wrapper\" style=\"background: ;\"><h3 class=\"sohohotel-title-28px sohohotel-clearfix sohohotel-title-left\" style=\"color: ;\">Il Concept<\/h3><p style=\"color: ;\">Immagine pulita, semplice, elegante, un contenitore neutro e plasmabile.<\/p><a href=\" https:\/\/dev.ad-advanced.com\/domusplinii.com\/public_html\/it\/ilconcept\/\" class=\"sohohotel-button1\" >SCOPRI DI PI\u00d9<\/a><div class=\"gallery\"><div class=\"gallery-item\"><div class=\"gallery-icon\"><a href=\"\" data-gal=\"prettyPhoto[gallery-78]\"><img decoding=\"async\" src=\"\" alt=\"\"><\/a><\/div><\/div><br style=\"clear: both;\"><\/div><\/div><\/section>[\/vc_column][\/vc_row]<\/p>\n<\/div>","protected":false},"excerpt":{"rendered":"<p>[vc_row content_placement=&#8221;top&#8221; css_animation=&#8221;fadeInRight&#8221; css=&#8221;.vc_custom_1708343533538{padding-right: 0px !important;padding-left: 0px !important;}&#8221;][vc_column][\/vc_column][\/vc_row][vc_row content_placement=&#8221;top&#8221; css_animation=&#8221;fadeInLeft&#8221; css=&#8221;.vc_custom_1708343551889{padding-right: 0px !important;padding-left: 0px !important;}&#8221;][vc_column][\/vc_column][\/vc_row][vc_row css=&#8221;.vc_custom_1708095804247{padding-top: 100px !important;padding-right: 0px !important;padding-left: 0px !important;}&#8221;][vc_column width=&#8221;1\/3&#8243;][vc_single_image image=&#8221;1896&#8243; img_size=&#8221;800&#215;800&#8243; alignment=&#8221;center&#8221;][\/vc_column][vc_column width=&#8221;1\/3&#8243;][vc_single_image image=&#8221;1895&#8243; img_size=&#8221;800&#215;800&#8243;][\/vc_column][vc_column width=&#8221;1\/3&#8243;][vc_single_image image=&#8221;1263&#8243; img_size=&#8221;800&#215;800&#8243; alignment=&#8221;center&#8221;][\/vc_column][\/vc_row][vc_row content_placement=&#8221;top&#8221; css_animation=&#8221;fadeInRight&#8221; css=&#8221;.vc_custom_1708095546070{padding-top: 100px !important;padding-right: 0px !important;padding-left: 0px !important;}&#8221;][vc_column][\/vc_column][\/vc_row][vc_row content_placement=&#8221;top&#8221; css=&#8221;.vc_custom_1708095266258{padding-top: 150px !important;padding-right: 0px !important;}&#8221;][vc_column width=&#8221;2\/3&#8243;][vc_single_image image=&#8221;1884&#8243; img_size=&#8221;1080&#215;790&#8243; alignment=&#8221;center&#8221;][\/vc_column][vc_column width=&#8221;1\/3&#8243;][vc_single_image image=&#8221;974&#8243; img_size=&#8221;800&#215;1220&#8243;][\/vc_column][\/vc_row][vc_row<\/p>\n<a href=\"https:\/\/dev.ad-advanced.com\/domusplinii.com\/public_html\/it\/chi-siamo\/\" class=\"sohohotel-more-link\">Read More<\/a>","protected":false},"author":1,"featured_media":0,"parent":0,"menu_order":0,"comment_status":"closed","ping_status":"closed","template":"","meta":{"footnotes":""},"class_list":["post-2206","page","type-page","status-publish","hentry"],"yoast_head":"<!-- This site is optimized with the Yoast SEO plugin v22.4 - https:\/\/yoast.com\/wordpress\/plugins\/seo\/ -->\n<title>Chi Siamo - Domus Plinii<\/title>\n<meta name=\"robots\" content=\"noindex, follow, max-snippet:-1, max-image-preview:large, max-video-preview:-1\" \/>\n<meta property=\"og:locale\" content=\"it_IT\" \/>\n<meta property=\"og:type\" content=\"article\" \/>\n<meta property=\"og:title\" content=\"Chi Siamo - Domus Plinii\" \/>\n<meta property=\"og:description\" content=\"[vc_row content_placement=&#8221;top&#8221; css_animation=&#8221;fadeInRight&#8221; css=&#8221;.vc_custom_1708343533538{padding-right: 0px !important;padding-left: 0px !important;}&#8221;][vc_column][\/vc_column][\/vc_row][vc_row content_placement=&#8221;top&#8221; css_animation=&#8221;fadeInLeft&#8221; css=&#8221;.vc_custom_1708343551889{padding-right: 0px !important;padding-left: 0px !important;}&#8221;][vc_column][\/vc_column][\/vc_row][vc_row css=&#8221;.vc_custom_1708095804247{padding-top: 100px !important;padding-right: 0px !important;padding-left: 0px !important;}&#8221;][vc_column width=&#8221;1\/3&#8243;][vc_single_image image=&#8221;1896&#8243; img_size=&#8221;800&#215;800&#8243; alignment=&#8221;center&#8221;][\/vc_column][vc_column width=&#8221;1\/3&#8243;][vc_single_image image=&#8221;1895&#8243; img_size=&#8221;800&#215;800&#8243;][\/vc_column][vc_column width=&#8221;1\/3&#8243;][vc_single_image image=&#8221;1263&#8243; img_size=&#8221;800&#215;800&#8243; alignment=&#8221;center&#8221;][\/vc_column][\/vc_row][vc_row content_placement=&#8221;top&#8221; css_animation=&#8221;fadeInRight&#8221; css=&#8221;.vc_custom_1708095546070{padding-top: 100px !important;padding-right: 0px !important;padding-left: 0px !important;}&#8221;][vc_column][\/vc_column][\/vc_row][vc_row content_placement=&#8221;top&#8221; css=&#8221;.vc_custom_1708095266258{padding-top: 150px !important;padding-right: 0px !important;}&#8221;][vc_column width=&#8221;2\/3&#8243;][vc_single_image image=&#8221;1884&#8243; img_size=&#8221;1080&#215;790&#8243; alignment=&#8221;center&#8221;][\/vc_column][vc_column width=&#8221;1\/3&#8243;][vc_single_image image=&#8221;974&#8243; img_size=&#8221;800&#215;1220&#8243;][\/vc_column][\/vc_row][vc_row\" \/>\n<meta property=\"og:url\" content=\"https:\/\/dev.ad-advanced.com\/domusplinii.com\/public_html\/it\/chi-siamo\/\" \/>\n<meta property=\"og:site_name\" content=\"Domus Plinii\" \/>\n<meta property=\"article:modified_time\" content=\"2024-03-07T08:46:01+00:00\" \/>\n<meta name=\"twitter:card\" content=\"summary_large_image\" \/>\n<meta name=\"twitter:label1\" content=\"Tempo di lettura stimato\" \/>\n\t<meta name=\"twitter:data1\" content=\"2 minuti\" \/>\n<script type=\"application\/ld+json\" class=\"yoast-schema-graph\">{\"@context\":\"https:\/\/schema.org\",\"@graph\":[{\"@type\":\"WebPage\",\"@id\":\"https:\/\/dev.ad-advanced.com\/domusplinii.com\/public_html\/it\/chi-siamo\/\",\"url\":\"https:\/\/dev.ad-advanced.com\/domusplinii.com\/public_html\/it\/chi-siamo\/\",\"name\":\"Chi Siamo - Domus Plinii\",\"isPartOf\":{\"@id\":\"https:\/\/dev.ad-advanced.com\/domusplinii.com\/public_html\/#website\"},\"datePublished\":\"2024-02-23T15:50:13+00:00\",\"dateModified\":\"2024-03-07T08:46:01+00:00\",\"breadcrumb\":{\"@id\":\"https:\/\/dev.ad-advanced.com\/domusplinii.com\/public_html\/it\/chi-siamo\/#breadcrumb\"},\"inLanguage\":\"it-IT\",\"potentialAction\":[{\"@type\":\"ReadAction\",\"target\":[\"https:\/\/dev.ad-advanced.com\/domusplinii.com\/public_html\/it\/chi-siamo\/\"]}]},{\"@type\":\"BreadcrumbList\",\"@id\":\"https:\/\/dev.ad-advanced.com\/domusplinii.com\/public_html\/it\/chi-siamo\/#breadcrumb\",\"itemListElement\":[{\"@type\":\"ListItem\",\"position\":1,\"name\":\"Home\",\"item\":\"https:\/\/dev.ad-advanced.com\/domusplinii.com\/public_html\/en\/\"},{\"@type\":\"ListItem\",\"position\":2,\"name\":\"Chi Siamo\"}]},{\"@type\":\"WebSite\",\"@id\":\"https:\/\/dev.ad-advanced.com\/domusplinii.com\/public_html\/#website\",\"url\":\"https:\/\/dev.ad-advanced.com\/domusplinii.com\/public_html\/\",\"name\":\"Domus Plinii\",\"description\":\"Luxury Boutique Resort And Suites on Lake Como\",\"potentialAction\":[{\"@type\":\"SearchAction\",\"target\":{\"@type\":\"EntryPoint\",\"urlTemplate\":\"https:\/\/dev.ad-advanced.com\/domusplinii.com\/public_html\/?s={search_term_string}\"},\"query-input\":\"required name=search_term_string\"}],\"inLanguage\":\"it-IT\"}]}<\/script>\n<!-- \/ Yoast SEO plugin. -->","yoast_head_json":{"title":"Chi Siamo - Domus Plinii","robots":{"index":"noindex","follow":"follow","max-snippet":"max-snippet:-1","max-image-preview":"max-image-preview:large","max-video-preview":"max-video-preview:-1"},"og_locale":"it_IT","og_type":"article","og_title":"Chi Siamo - Domus Plinii","og_description":"[vc_row content_placement=&#8221;top&#8221; css_animation=&#8221;fadeInRight&#8221; css=&#8221;.vc_custom_1708343533538{padding-right: 0px !important;padding-left: 0px !important;}&#8221;][vc_column][\/vc_column][\/vc_row][vc_row content_placement=&#8221;top&#8221; css_animation=&#8221;fadeInLeft&#8221; css=&#8221;.vc_custom_1708343551889{padding-right: 0px !important;padding-left: 0px !important;}&#8221;][vc_column][\/vc_column][\/vc_row][vc_row css=&#8221;.vc_custom_1708095804247{padding-top: 100px !important;padding-right: 0px !important;padding-left: 0px !important;}&#8221;][vc_column width=&#8221;1\/3&#8243;][vc_single_image image=&#8221;1896&#8243; img_size=&#8221;800&#215;800&#8243; alignment=&#8221;center&#8221;][\/vc_column][vc_column width=&#8221;1\/3&#8243;][vc_single_image image=&#8221;1895&#8243; img_size=&#8221;800&#215;800&#8243;][\/vc_column][vc_column width=&#8221;1\/3&#8243;][vc_single_image image=&#8221;1263&#8243; img_size=&#8221;800&#215;800&#8243; alignment=&#8221;center&#8221;][\/vc_column][\/vc_row][vc_row content_placement=&#8221;top&#8221; css_animation=&#8221;fadeInRight&#8221; css=&#8221;.vc_custom_1708095546070{padding-top: 100px !important;padding-right: 0px !important;padding-left: 0px !important;}&#8221;][vc_column][\/vc_column][\/vc_row][vc_row content_placement=&#8221;top&#8221; css=&#8221;.vc_custom_1708095266258{padding-top: 150px !important;padding-right: 0px !important;}&#8221;][vc_column width=&#8221;2\/3&#8243;][vc_single_image image=&#8221;1884&#8243; img_size=&#8221;1080&#215;790&#8243; alignment=&#8221;center&#8221;][\/vc_column][vc_column width=&#8221;1\/3&#8243;][vc_single_image image=&#8221;974&#8243; img_size=&#8221;800&#215;1220&#8243;][\/vc_column][\/vc_row][vc_row","og_url":"https:\/\/dev.ad-advanced.com\/domusplinii.com\/public_html\/it\/chi-siamo\/","og_site_name":"Domus Plinii","article_modified_time":"2024-03-07T08:46:01+00:00","twitter_card":"summary_large_image","twitter_misc":{"Tempo di lettura stimato":"2 minuti"},"schema":{"@context":"https:\/\/schema.org","@graph":[{"@type":"WebPage","@id":"https:\/\/dev.ad-advanced.com\/domusplinii.com\/public_html\/it\/chi-siamo\/","url":"https:\/\/dev.ad-advanced.com\/domusplinii.com\/public_html\/it\/chi-siamo\/","name":"Chi Siamo - Domus Plinii","isPartOf":{"@id":"https:\/\/dev.ad-advanced.com\/domusplinii.com\/public_html\/#website"},"datePublished":"2024-02-23T15:50:13+00:00","dateModified":"2024-03-07T08:46:01+00:00","breadcrumb":{"@id":"https:\/\/dev.ad-advanced.com\/domusplinii.com\/public_html\/it\/chi-siamo\/#breadcrumb"},"inLanguage":"it-IT","potentialAction":[{"@type":"ReadAction","target":["https:\/\/dev.ad-advanced.com\/domusplinii.com\/public_html\/it\/chi-siamo\/"]}]},{"@type":"BreadcrumbList","@id":"https:\/\/dev.ad-advanced.com\/domusplinii.com\/public_html\/it\/chi-siamo\/#breadcrumb","itemListElement":[{"@type":"ListItem","position":1,"name":"Home","item":"https:\/\/dev.ad-advanced.com\/domusplinii.com\/public_html\/en\/"},{"@type":"ListItem","position":2,"name":"Chi Siamo"}]},{"@type":"WebSite","@id":"https:\/\/dev.ad-advanced.com\/domusplinii.com\/public_html\/#website","url":"https:\/\/dev.ad-advanced.com\/domusplinii.com\/public_html\/","name":"Domus Plinii","description":"Luxury Boutique Resort And Suites on Lake Como","potentialAction":[{"@type":"SearchAction","target":{"@type":"EntryPoint","urlTemplate":"https:\/\/dev.ad-advanced.com\/domusplinii.com\/public_html\/?s={search_term_string}"},"query-input":"required name=search_term_string"}],"inLanguage":"it-IT"}]}},"_links":{"self":[{"href":"https:\/\/dev.ad-advanced.com\/domusplinii.com\/public_html\/wp-json\/wp\/v2\/pages\/2206","targetHints":{"allow":["GET"]}}],"collection":[{"href":"https:\/\/dev.ad-advanced.com\/domusplinii.com\/public_html\/wp-json\/wp\/v2\/pages"}],"about":[{"href":"https:\/\/dev.ad-advanced.com\/domusplinii.com\/public_html\/wp-json\/wp\/v2\/types\/page"}],"author":[{"embeddable":true,"href":"https:\/\/dev.ad-advanced.com\/domusplinii.com\/public_html\/wp-json\/wp\/v2\/users\/1"}],"replies":[{"embeddable":true,"href":"https:\/\/dev.ad-advanced.com\/domusplinii.com\/public_html\/wp-json\/wp\/v2\/comments?post=2206"}],"version-history":[{"count":6,"href":"https:\/\/dev.ad-advanced.com\/domusplinii.com\/public_html\/wp-json\/wp\/v2\/pages\/2206\/revisions"}],"predecessor-version":[{"id":2820,"href":"https:\/\/dev.ad-advanced.com\/domusplinii.com\/public_html\/wp-json\/wp\/v2\/pages\/2206\/revisions\/2820"}],"wp:attachment":[{"href":"https:\/\/dev.ad-advanced.com\/domusplinii.com\/public_html\/wp-json\/wp\/v2\/media?parent=2206"}],"curies":[{"name":"wp","href":"https:\/\/api.w.org\/{rel}","templated":true}]}}